{"id":2205,"date":"2016-02-18T11:40:48","date_gmt":"2016-02-18T11:40:48","guid":{"rendered":"http:\/\/etvcanada.ca\/?page_id=2205"},"modified":"2016-04-08T13:01:59","modified_gmt":"2016-04-08T13:01:59","slug":"testimonials","status":"publish","type":"page","link":"https:\/\/etvcanada.ca\/fr\/home\/overview\/testimonials\/","title":{"rendered":"T\u00c9MOIGNAGES"},"content":{"rendered":"<h3>1. Technologies de modernisation du moteur diesel <\/h3>\n<p>Avantages\u00a0:<\/p>\n<p><em> \u00ab La v\u00e9rification a g\u00e9n\u00e9r\u00e9 un int\u00e9r\u00eat commercial consid\u00e9rable pour notre technologie de la part des utilisateurs ainsi que des organismes de r\u00e9glementation et des partenaires de distribution\u00a0\u00bb. <\/em>\u2013 <a href=\"http:\/\/www.gesi.us\/\" target=\"_blank\"><strong>GESI (Global Emissions Systems Inc.)<\/strong><\/a><\/p>\n<h3>2. Balayeuses de voirie <\/h3>\n<p><em> \u00ab Le processus VTE est pour les acheteurs de balayeuses de voirie non seulement au Canada, mais aussi \u00e0 l\u2019\u00e9chelle internationale.\u00a0Ce processus offre un m\u00e9canisme de v\u00e9rification s\u00fbre de la performance environnementale d\u2019une balayeuse de voirie dans le cadre de l\u2019utilisation du protocole d\u2019essai de l\u2019efficacit\u00e9 des balayeuses de voirie PM10 et PM2.5 de la Ville de Toronto. Le processus VTE hausse la barre des normes environnementales pour les balayeuses de voirie. \u00bb <\/em> \u2013 <a href=\"https:\/\/www.tymco.com\/\" target=\"_blank\"><strong>TYMCO, Inc.<\/strong><\/a><\/p>\n<p><em>\u00ab Le processus VTE hausse la barre pour la performance, r\u00e9compense ceux qui la franchissent, et stimule tous ceux qui continuent \u00e0 la hausser\u00a0\u00bb<\/em> \u2013 <a href=\"http:\/\/pami.ca\/\" target=\"_blank\"><strong>PAMI (Prairie Agricultural Machinery Institute)<\/strong><\/a><\/p>\n<h3>3. Technologies de production combin\u00e9e de chaleur et d\u2019\u00e9lectricit\u00e9<\/h3>\n<p> <em>\u00ab Les gens sont sceptiques au sujet d\u2019une nouvelle technologie. Le processus VTE a ouvert des portes que nous n\u2019attendions pas. De nouveaux organismes partenaires utilisent les r\u00e9sultats du processus VTE pour prendre des d\u00e9cisions d\u2019investir dans notre technologie.\u00a0\u00bb<\/em> \u2014 <a href=\"http:\/\/www.mariah-energy.com\/\" target=\"_blank\"><strong>Mariah Energy<\/strong><\/a><\/p>\n<h3>4. Technologies thermiques de r\u00e9habilitation des sols<\/h3>\n<p> <em>\u00ab Le fait que l\u2019\u00e9quipement de terrain mobile a une efficacit\u00e9 de destruction v\u00e9rifi\u00e9e \u00e0 99,99\u00a0% [par le processus VTE] facilite l\u2019acceptation par le march\u00e9 et donne de la cr\u00e9dibilit\u00e9. \u00bb<\/em> \u2013 <a href=\"http:\/\/www.nerglobal.com\/\" target=\"_blank\"><strong>Nelson Environmental Remediation (NER)<\/strong><\/a><\/p>\n<h3>5. Technologies de traitement des d\u00e9chets pr\u00e9sentant un risque biologique<\/h3>\n<p><em>\u00ab Le certificat VTE et les documents justificatifs (r\u00e9sultats des essais de performance) ont permis \u00e0 OZONATOR de satisfaire aux rigoureux crit\u00e8res d\u2019approbation de nombreux pays dans le monde, voire de les d\u00e9passer.<\/p>\n<p>Sans la VTE, nous n\u2019aurions pas \u00e9t\u00e9 en mesure d\u2019imposer la technologie OZONATOR NG comme la technologie la plus respectueuse de l\u2019environnement dans de nombreux march\u00e9s internationaux o\u00f9 nous sommes actuellement pr\u00e9sents.\u00a0\u00bb<\/em> \u2013 <a href=\"http:\/\/www.ozonatorindustries.com\/\" target=\"_blank\"><strong>OZONATOR Industries Ltd.<\/strong><\/a><\/p>\n<h3>6. Technologies de lutte contre l\u2019\u00e9rosion des sols\/la poussi\u00e8re<\/h3>\n<p><em>\u00ab\u00a0\u00c0 titre d\u2019utilisateur  de longue date du processus VTE, Midwest Industrial Supply est reconnue mondialement pour la fourniture de solutions technologiques respectueuses de la plan\u00e8te permettant de g\u00e9rer et de r\u00e9gler les probl\u00e8mes de poussi\u00e8re, d\u2019\u00e9rosion, de glace ou d\u2019instabilit\u00e9 des sols. Depuis 1999, la v\u00e9rification de la technologie Soil SementMD\u00a0de Midwest a fourni \u00e0 la soci\u00e9t\u00e9 une solide assise pour faire accepter sa technologie par le march\u00e9 et pour gagner la confiance d\u2019organismes publics et priv\u00e9s de toute l\u2019Am\u00e9rique du Nord et du monde entier.<\/p>\n<p>\u00c0 la lumi\u00e8re de la valeur ind\u00e9niable r\u00e9alis\u00e9e gr\u00e2ce au processus\u00a0VTE, Midwest envisage actuellement de soumettre une autre de ses technologies innovantes de supression de la poussi\u00e8re \u2013 EnviroKleenMD \u2014 au processus VTE.\u00a0\u00bb<\/em><br \/>\n&#8211; <a href=\"http:\/\/www.midwestind.com\/\" target=\"_blank\"><strong>Midwest Industrial Supply<\/strong><\/a> <\/p>\n<h3>7. Technologies de traitement thermique des d\u00e9chets solides et liquides<\/h3>\n<p><em>\u00ab La v\u00e9rification a fourni aux clients l\u2019assurance que nos all\u00e9gations de performance sont l\u00e9gitimes et cr\u00e9dibles.<\/p>\n<p>L\u2019administration locale avait besoin d\u2019une option thermique pour l\u2019\u00e9limination des d\u00e9chets, mais \u00e9tait r\u00e9ticente \u00e0 l\u2019utilisation d\u2019incin\u00e9rateurs alors que de nombreuses soci\u00e9t\u00e9s \u00e9trang\u00e8res l\u2019avaient approch\u00e9e avec des all\u00e9gations difficiles \u00e0 prouver.<\/p>\n<p>Le fait de disposer de donn\u00e9es sur la performance ayant \u00e9t\u00e9 v\u00e9rifi\u00e9es de fa\u00e7on ind\u00e9pendante par le processus VTE a contribu\u00e9 \u00e0 apaiser les inqui\u00e9tudes de cette administration et \u00e0 \u00e9liminer la concurrence.<\/p>\n<p>Notre soci\u00e9t\u00e9 a pu p\u00e9n\u00e9trer un nouveau march\u00e9 d\u2019exportation et a re\u00e7u de nombreuses commandes par la suite. \u00bb<\/em><br \/>\n&#8212; <a href=\"http:\/\/www.ecosolutions.com\" target=\"_blank\"><strong>Eco Waste Solutions<\/strong><\/a>","protected":false},"excerpt":{"rendered":"<p>1. Technologies de modernisation du moteur diesel Avantages\u00a0: \u00ab La v\u00e9rification a g\u00e9n\u00e9r\u00e9 un int\u00e9r\u00eat commercial consid\u00e9rable pour notre technologie de la part des utilisateurs ainsi que des organismes de r\u00e9glementation et des partenaires de distribution\u00a0\u00bb. \u2013 GESI (Global Emissions Systems Inc.) 2. Balayeuses de voirie \u00ab Le processus VTE est pour les acheteurs de balayeuses de voirie non seulement au Canada, mais aussi \u00e0 l\u2019\u00e9chelle internationale.\u00a0Ce processus offre un m\u00e9canisme de v\u00e9rification s\u00fbre de la performance environnementale d\u2019une balayeuse de voirie dans le cadre de l\u2019utilisation du protocole d\u2019essai&nbsp;<a href=\"https:\/\/etvcanada.ca\/fr\/home\/overview\/testimonials\/\" class=\"read-more\">Continue Reading<\/a><\/p>\n","protected":false},"author":1,"featured_media":0,"parent":663,"menu_order":0,"comment_status":"closed","ping_status":"closed","template":"","meta":{"_exactmetrics_skip_tracking":false,"_exactmetrics_sitenote_active":false,"_exactmetrics_sitenote_note":"","_exactmetrics_sitenote_category":0,"ngg_post_thumbnail":0,"footnotes":""},"class_list":["post-2205","page","type-page","status-publish","hentry"],"_links":{"self":[{"href":"https:\/\/etvcanada.ca\/fr\/wp-json\/wp\/v2\/pages\/2205","targetHints":{"allow":["GET"]}}],"collection":[{"href":"https:\/\/etvcanada.ca\/fr\/wp-json\/wp\/v2\/pages"}],"about":[{"href":"https:\/\/etvcanada.ca\/fr\/wp-json\/wp\/v2\/types\/page"}],"author":[{"embeddable":true,"href":"https:\/\/etvcanada.ca\/fr\/wp-json\/wp\/v2\/users\/1"}],"replies":[{"embeddable":true,"href":"https:\/\/etvcanada.ca\/fr\/wp-json\/wp\/v2\/comments?post=2205"}],"version-history":[{"count":5,"href":"https:\/\/etvcanada.ca\/fr\/wp-json\/wp\/v2\/pages\/2205\/revisions"}],"predecessor-version":[{"id":2416,"href":"https:\/\/etvcanada.ca\/fr\/wp-json\/wp\/v2\/pages\/2205\/revisions\/2416"}],"up":[{"embeddable":true,"href":"https:\/\/etvcanada.ca\/fr\/wp-json\/wp\/v2\/pages\/663"}],"wp:attachment":[{"href":"https:\/\/etvcanada.ca\/fr\/wp-json\/wp\/v2\/media?parent=2205"}],"curies":[{"name":"wp","href":"https:\/\/api.w.org\/{rel}","templated":true}]}}