{"id":668,"date":"2013-05-17T09:31:17","date_gmt":"2013-05-17T09:31:17","guid":{"rendered":"http:\/\/etv.globe-net.com\/?page_id=668"},"modified":"2016-11-24T15:13:14","modified_gmt":"2016-11-24T15:13:14","slug":"verify-your-technology","status":"publish","type":"page","link":"https:\/\/etvcanada.ca\/fr\/home\/verify-your-technology\/","title":{"rendered":"V\u00e9rification des technologies environnementales (VTE)"},"content":{"rendered":"<div class=\"wc-shortcodes-accordion wc-shortcodes-item wc-shortcodes-accordion-default wc-shortcodes-accordion-layout-box\" data-behavior=\"autoclose\" data-start-state=\"default\">\n<div class=\"wc-shortcodes-accordion-trigger \"><a href=\"#\">\u00c9LABORATION DE LA NORME ISO 14034<\/a><\/div>\n<div class=\"wc-shortcodes-accordion-content-wrapper\">\n<div class=\"wc-shortcodes-accordion-content wc-shortcodes-content\">\nLe groupe de travail international sur la v\u00e9rification des technologies environnementales (GTI-VTE) a \u00e9t\u00e9 fond\u00e9 en 2007 dans le but d\u2019\u00e9laborer une approche de v\u00e9rification commune de telle sorte que, dans le futur, les pays participants\u00a0accepteraient les r\u00e9sultats des v\u00e9rifications des uns et des autres.<\/p>\n<p>En 2013, l\u2019<a href=\"http:\/\/www.iso.org\/iso\/home.html\" target=\"_blank\"><strong>Organisation internationale de normalisation (ISO)<\/strong><\/a> a accept\u00e9 la proposition d\u2019une nouvelle norme sur la VTE et la r\u00e9daction de la norme ISO 14034 a commenc\u00e9. Le comit\u00e9 charg\u00e9\u00a0de cette norme importante\u00a0est TC 207.\u00a0 <span style=\"text-decoration: underline;\"><a href=\"http:\/\/www.iso.org\/iso\/fr\/home\/news_index\/news_archive\/news.htm?refid=Ref2144\">La norme a \u00e9t\u00e9\u00a0publi\u00e9e le 15 novembre,\u00a02016.<\/a><\/span><\/p>\n<p>Des d\u00e9tails suppl\u00e9mentaires sur ISO 14034 sont disponibles sur le <span style=\"text-decoration: underline;\"><a href=\"https:\/\/www.iso.org\/obp\/ui\/fr\/#iso:std:iso:14034:ed-1:v1:fr\">site web d&rsquo;ISO<\/a><\/span>.\n<\/div>\n<\/div>\n<div class=\"wc-shortcodes-accordion-trigger \"><a href=\"#\">PRINCIPAUX \u00c9L\u00c9MENTS DE L\u2019HARMONISATION INTERNATIONALE<\/a><\/div>\n<div class=\"wc-shortcodes-accordion-content-wrapper\">\n<div class=\"wc-shortcodes-accordion-content wc-shortcodes-content\">\n<ul>\n<li>Partage des protocoles et des m\u00e9thodes d\u2019essai<\/li>\n<li>Reconnaissance mutuelle ou accr\u00e9ditation des entit\u00e9s de v\u00e9rification<\/li>\n<li>R\u00e9ciprocit\u00e9 de pays \u00e0 pays, lorsque cela est possible.<\/li>\n<\/ul>\n<\/div>\n<\/div>\n<div class=\"wc-shortcodes-accordion-trigger \"><a href=\"#\">LA MISE EN OEUVRE DE LA NORME ISO 14034<\/a><\/div>\n<div class=\"wc-shortcodes-accordion-content-wrapper\">\n<div class=\"wc-shortcodes-accordion-content wc-shortcodes-content\">\nLe Canada reconna\u00eet l\u2019importance de cr\u00e9er des conditions \u00e9quitables pour les innovateurs en technologie qui cherchent \u00e0 faire accepter par le march\u00e9 leurs solutions fond\u00e9es sur la technologie. Au Canada, les gouvernements des provinces et des territoires, de m\u00eame que les municipalit\u00e9s et autres administrations locales, dirigent les divers processus d\u2019approbation des technologies. Ces administrations peuvent b\u00e9n\u00e9ficier grandement de l\u2019approche transparente utilis\u00e9e par le processus de VTE et de l\u2019information pr\u00e9cieuse qu\u2019il offre sur la performance environnementale.<\/p>\n<\/div>\n<\/div>\n<\/div>","protected":false},"excerpt":{"rendered":"<p>\u00c9LABORATION DE LA NORME ISO 14034 Le groupe de travail international sur la v\u00e9rification des technologies environnementales (GTI-VTE) a \u00e9t\u00e9 fond\u00e9 en 2007 dans le but d\u2019\u00e9laborer une approche de v\u00e9rification commune de telle sorte que, dans le futur, les pays participants\u00a0accepteraient les r\u00e9sultats des v\u00e9rifications des uns et des autres. En 2013, l\u2019Organisation internationale de normalisation (ISO) a accept\u00e9 la proposition d\u2019une nouvelle norme sur la VTE et la r\u00e9daction de la norme ISO 14034 a commenc\u00e9. Le comit\u00e9 charg\u00e9\u00a0de cette norme importante\u00a0est TC 207.\u00a0 La norme a \u00e9t\u00e9\u00a0publi\u00e9e&nbsp;<a href=\"https:\/\/etvcanada.ca\/fr\/home\/verify-your-technology\/\" class=\"read-more\">Continue Reading<\/a><\/p>\n","protected":false},"author":1,"featured_media":0,"parent":203,"menu_order":0,"comment_status":"closed","ping_status":"closed","template":"page-fullwidth.php","meta":{"_exactmetrics_skip_tracking":false,"_exactmetrics_sitenote_active":false,"_exactmetrics_sitenote_note":"","_exactmetrics_sitenote_category":0,"ngg_post_thumbnail":0,"footnotes":""},"class_list":["post-668","page","type-page","status-publish","hentry"],"_links":{"self":[{"href":"https:\/\/etvcanada.ca\/fr\/wp-json\/wp\/v2\/pages\/668","targetHints":{"allow":["GET"]}}],"collection":[{"href":"https:\/\/etvcanada.ca\/fr\/wp-json\/wp\/v2\/pages"}],"about":[{"href":"https:\/\/etvcanada.ca\/fr\/wp-json\/wp\/v2\/types\/page"}],"author":[{"embeddable":true,"href":"https:\/\/etvcanada.ca\/fr\/wp-json\/wp\/v2\/users\/1"}],"replies":[{"embeddable":true,"href":"https:\/\/etvcanada.ca\/fr\/wp-json\/wp\/v2\/comments?post=668"}],"version-history":[{"count":127,"href":"https:\/\/etvcanada.ca\/fr\/wp-json\/wp\/v2\/pages\/668\/revisions"}],"predecessor-version":[{"id":3009,"href":"https:\/\/etvcanada.ca\/fr\/wp-json\/wp\/v2\/pages\/668\/revisions\/3009"}],"up":[{"embeddable":true,"href":"https:\/\/etvcanada.ca\/fr\/wp-json\/wp\/v2\/pages\/203"}],"wp:attachment":[{"href":"https:\/\/etvcanada.ca\/fr\/wp-json\/wp\/v2\/media?parent=668"}],"curies":[{"name":"wp","href":"https:\/\/api.w.org\/{rel}","templated":true}]}}