{"id":776,"date":"2013-05-22T18:10:04","date_gmt":"2013-05-22T18:10:04","guid":{"rendered":"http:\/\/etv.globe-net.com\/?page_id=776"},"modified":"2016-04-15T13:51:38","modified_gmt":"2016-04-15T13:51:38","slug":"testing-organizations","status":"publish","type":"page","link":"https:\/\/etvcanada.ca\/fr\/resources\/testing-organizations\/","title":{"rendered":"Organismes d\u2019essais"},"content":{"rendered":"<h2>Organismes d\u2019essais de la performance ind\u00e9pendants reconnus<\/h2>\n<div class=\"wc-shortcodes-accordion wc-shortcodes-item wc-shortcodes-accordion-collapse wc-shortcodes-accordion-layout-box\" data-behavior=\"autoclose\" data-start-state=\"collapse\">\n<div class=\"wc-shortcodes-accordion-trigger \"><a href=\"#\">C-CORE<\/a><\/div>\n<div class=\"wc-shortcodes-accordion-content-wrapper\">\n<div class=\"wc-shortcodes-accordion-content wc-shortcodes-content\">\nSoci\u00e9t\u00e9 de recherche et d\u00e9veloppement qui cherche des solutions dans les domaines de la t\u00e9l\u00e9d\u00e9tection, de l\u2019ing\u00e9nierie dans des conditions de glace et de la g\u00e9otechnique pour r\u00e9soudre les difficult\u00e9s auxquelles sont confront\u00e9es les r\u00e9gions d\u2019exploitation mini\u00e8re et gazi\u00e8re touch\u00e9es par les glaces.<\/p>\n<p><a href=\"http:\/\/www.c-core.ca\/\" target=\"_blank\">www.c-core.ca<\/a>\n<\/div>\n<\/div>\n<div class=\"wc-shortcodes-accordion-trigger \"><a href=\"#\">Centre des Technologies de l\u2019Eau<\/a><\/div>\n<div class=\"wc-shortcodes-accordion-content-wrapper\">\n<div class=\"wc-shortcodes-accordion-content wc-shortcodes-content\">\nCentre d\u2019expertise sp\u00e9cialis\u00e9 dans la r\u00e9duction de l\u2019utilisation de l\u2019eau.<\/p>\n<p><a href=\"http:\/\/www.cteau.com\/\" target=\"_blank\">www.cteau.com<\/a>\n<\/div>\n<\/div>\n<div class=\"wc-shortcodes-accordion-trigger \"><a href=\"#\">Centre for Advancement of Trenchless Technologies<\/a><\/div>\n<div class=\"wc-shortcodes-accordion-content-wrapper\">\n<div class=\"wc-shortcodes-accordion-content wc-shortcodes-content\">\nCentre d\u2019expertise fond\u00e9 en 1994 pour aider les municipalit\u00e9s en mati\u00e8re d\u2019infrastructures souterraines hydrauliques, \u00e9nerg\u00e9tiques et de gestion des eaux us\u00e9es.<\/p>\n<p><a href=\"http:\/\/www.catt.ca\/\" target=\"_blank\">www.catt.ca<\/a>\n<\/div>\n<\/div>\n<div class=\"wc-shortcodes-accordion-trigger \"><a href=\"#\">Centre for Alternative Wastewater Treatment<\/a><\/div>\n<div class=\"wc-shortcodes-accordion-content-wrapper\">\n<div class=\"wc-shortcodes-accordion-content wc-shortcodes-content\">\n\u00c9tablissement qui se sp\u00e9cialise en recherche appliqu\u00e9e sur des technologies de rechange innovantes et \u00e9mergentes de traitement de l\u2019eau et des eaux us\u00e9es.<\/p>\n<p><a href=\"http:\/\/cawt.ca\/\" target=\"_blank\">cawt.ca<\/a>\n<\/div>\n<\/div>\n<div class=\"wc-shortcodes-accordion-trigger \"><a href=\"#\">Centre National en \u00c9lectrochimie et en Technologies Environnementales<\/a><\/div>\n<div class=\"wc-shortcodes-accordion-content-wrapper\">\n<div class=\"wc-shortcodes-accordion-content wc-shortcodes-content\">\nCentre de transfert de technologies faisant de la recherche appliqu\u00e9e sur les bioproc\u00e9d\u00e9s et sur la technologie des membranes, sur les technologies environnementales, les biomol\u00e9cules industrielles et la production de bio\u00e9nergie.<\/p>\n<p><a href=\"http:\/\/www.cnete.qc.ca\" target=\"_blank\">www.cnete.qc.ca<\/a>\n<\/div>\n<\/div>\n<div class=\"wc-shortcodes-accordion-trigger \"><a href=\"#\">Edmonton Waste Management Centre of Excellence<\/a><\/div>\n<div class=\"wc-shortcodes-accordion-content-wrapper\">\n<div class=\"wc-shortcodes-accordion-content wc-shortcodes-content\">\nChef de file dans le d\u00e9veloppement de connaissances, de technologies et d\u2019installations de pointe en mati\u00e8re de traitement des eaux us\u00e9es et de gestion des d\u00e9chets.<\/p>\n<p><a href=\"http:\/\/www.ewmce.com\/\" target=\"_blank\">www.ewmce.com<\/a>\n<\/div>\n<\/div>\n<div class=\"wc-shortcodes-accordion-trigger \"><a href=\"#\">FPInnovations<\/a><\/div>\n<div class=\"wc-shortcodes-accordion-content-wrapper\">\n<div class=\"wc-shortcodes-accordion-content wc-shortcodes-content\">\nOrganisme de recherche et d\u00e9veloppement qui, depuis 1975, a pour objectif d\u2019am\u00e9liorer le secteur forestier et celui du transport au Canada.<\/p>\n<p><a href=\"http:\/\/www.fpinnovations.ca\" target=\"_blank\">www.fpinnovations.ca<\/a>\n<\/div>\n<\/div>\n<div class=\"wc-shortcodes-accordion-trigger \"><a href=\"#\">Good Harbour Laboratories<\/a><\/div>\n<div class=\"wc-shortcodes-accordion-content-wrapper\">\n<div class=\"wc-shortcodes-accordion-content wc-shortcodes-content\">\nLaboratoire d\u2019essais pilotes de technologies de traitement des eaux us\u00e9es, en particulier de syst\u00e8mes de traitement des eaux de ruissellement et de syst\u00e8mes industriels et commerciaux de traitement des eaux us\u00e9es.<\/p>\n<p><a href=\"http:\/\/www.goodharbourlabs.com\/\" target=\"_blank\">www.goodharbourlabs.com<\/a>\n<\/div>\n<\/div>\n<div class=\"wc-shortcodes-accordion-trigger \"><a href=\"#\">Prairie Agricultural Machinery Institute (PAMI)<\/a><\/div>\n<div class=\"wc-shortcodes-accordion-content-wrapper\">\n<div class=\"wc-shortcodes-accordion-content wc-shortcodes-content\">\nOrganisme de recherche et d\u00e9veloppement diversifi\u00e9 fond\u00e9 sur l\u2019ing\u00e9nierie, ax\u00e9 en premier lieu sur le secteur agricole et en second lieu sur l\u2019\u00e9quipement m\u00e9canique industriel, incluant les v\u00e9hicules, le transport, l\u2019\u00e9quipement minier et forestier.<\/p>\n<p><a href=\"http:\/\/www.pami.ca\/\" target=\"_blank\">www.pami.ca<\/a>\n<\/div>\n<\/div>\n<div class=\"wc-shortcodes-accordion-trigger \"><a href=\"#\">Process Research ORTECH<\/a><\/div>\n<div class=\"wc-shortcodes-accordion-content-wrapper\">\n<div class=\"wc-shortcodes-accordion-content wc-shortcodes-content\">\nOrganisme offrant des services de d\u00e9veloppement et d\u2019optimisation technologiques avec une expertise et des installations pilotes dans les domaines suivants : m\u00e9tallurgie et mat\u00e9riels, produits chimiques sp\u00e9ciaux, traitement des effluents, recyclage, \u00e9nergie renouvelable et technologies propres.<\/p>\n<p><a href=\"http:\/\/www.processortech.com\/\" target=\"_blank\">www.processortech.com<\/a>\n<\/div>\n<\/div>\n<div class=\"wc-shortcodes-accordion-trigger \"><a href=\"#\">The Living City CAMPUS<\/a><\/div>\n<div class=\"wc-shortcodes-accordion-content-wrapper\">\n<div class=\"wc-shortcodes-accordion-content wc-shortcodes-content\">\nLes plus importantes d\u00e9monstrations au Canada de b\u00e2timents verts et de technologies durables et un site d\u2019essai sur le terrain pour les modules photovolta\u00efques et les technologies innovantes de gestion des eaux de ruissellement.<\/p>\n<p><a href=\"http:\/\/www.thelivingcitycampus.com\/\" target=\"_blank\">www.thelivingcitycampus.com<\/a>\n<\/div>\n<\/div>\n<\/div>\n<p><em>**D\u2019autres organismes d\u2019essais ind\u00e9pendants ne figurant pas sur cette liste pourraient \u00eatre reconnus et utilis\u00e9s. Veuillez consulter\u00a0<a style=\"text-decoration: underline;\" href=\"http:\/\/globeperformance.com\/\" target=\"_blank\">Globe Performance Solutions<\/a>\u00a0pour obtenir de plus amples informations.<\/em><\/p>\n<div class=\"wc-shortcodes-item wc-shortcodes-button-center\"><a href=\"\/home\/protocols-and-procedures\/\" class=\"wc-shortcodes-button wc-shortcodes-button-primary wc-shortcodes-button-position-center\" target=\"_self\" title=\"Center Button\"><span class=\"wc-shortcodes-button-inner\"> POUR EN SAVOIR PLUS SUR LES PROTOCOLES ET LES PROC\u00c9DURES D\u2019ESSAIS, CLIQUEZ ICI<\/span><\/a><\/div>","protected":false},"excerpt":{"rendered":"<p>Organismes d\u2019essais de la performance ind\u00e9pendants reconnus C-CORE Soci\u00e9t\u00e9 de recherche et d\u00e9veloppement qui cherche des solutions dans les domaines de la t\u00e9l\u00e9d\u00e9tection, de l\u2019ing\u00e9nierie dans des conditions de glace et de la g\u00e9otechnique pour r\u00e9soudre les difficult\u00e9s auxquelles sont confront\u00e9es les r\u00e9gions d\u2019exploitation mini\u00e8re et gazi\u00e8re touch\u00e9es par les glaces. www.c-core.ca Centre des Technologies de l\u2019Eau Centre d\u2019expertise sp\u00e9cialis\u00e9 dans la r\u00e9duction de l\u2019utilisation de l\u2019eau. www.cteau.com Centre for Advancement of Trenchless Technologies Centre d\u2019expertise fond\u00e9 en 1994 pour aider les municipalit\u00e9s en mati\u00e8re d\u2019infrastructures souterraines hydrauliques, \u00e9nerg\u00e9tiques et&nbsp;<a href=\"https:\/\/etvcanada.ca\/fr\/resources\/testing-organizations\/\" class=\"read-more\">Continue Reading<\/a><\/p>\n","protected":false},"author":1,"featured_media":0,"parent":2064,"menu_order":0,"comment_status":"closed","ping_status":"closed","template":"page-fullwidth.php","meta":{"_exactmetrics_skip_tracking":false,"_exactmetrics_sitenote_active":false,"_exactmetrics_sitenote_note":"","_exactmetrics_sitenote_category":0,"ngg_post_thumbnail":0,"footnotes":""},"class_list":["post-776","page","type-page","status-publish","hentry"],"_links":{"self":[{"href":"https:\/\/etvcanada.ca\/fr\/wp-json\/wp\/v2\/pages\/776","targetHints":{"allow":["GET"]}}],"collection":[{"href":"https:\/\/etvcanada.ca\/fr\/wp-json\/wp\/v2\/pages"}],"about":[{"href":"https:\/\/etvcanada.ca\/fr\/wp-json\/wp\/v2\/types\/page"}],"author":[{"embeddable":true,"href":"https:\/\/etvcanada.ca\/fr\/wp-json\/wp\/v2\/users\/1"}],"replies":[{"embeddable":true,"href":"https:\/\/etvcanada.ca\/fr\/wp-json\/wp\/v2\/comments?post=776"}],"version-history":[{"count":24,"href":"https:\/\/etvcanada.ca\/fr\/wp-json\/wp\/v2\/pages\/776\/revisions"}],"predecessor-version":[{"id":2456,"href":"https:\/\/etvcanada.ca\/fr\/wp-json\/wp\/v2\/pages\/776\/revisions\/2456"}],"up":[{"embeddable":true,"href":"https:\/\/etvcanada.ca\/fr\/wp-json\/wp\/v2\/pages\/2064"}],"wp:attachment":[{"href":"https:\/\/etvcanada.ca\/fr\/wp-json\/wp\/v2\/media?parent=776"}],"curies":[{"name":"wp","href":"https:\/\/api.w.org\/{rel}","templated":true}]}}